{"id":674,"date":"2021-05-27T16:39:52","date_gmt":"2021-05-27T16:39:52","guid":{"rendered":"http:\/\/wabol.org\/?page_id=674"},"modified":"2021-05-27T17:16:47","modified_gmt":"2021-05-27T17:16:47","slug":"socios","status":"publish","type":"page","link":"https:\/\/wabol.org\/es\/socios\/","title":{"rendered":"Socios"},"content":{"rendered":"\t\t<div data-elementor-type=\"wp-page\" data-elementor-id=\"674\" class=\"elementor elementor-674\" data-elementor-post-type=\"page\">\n\t\t\t\t\t\t<section class=\"elementor-section elementor-top-section elementor-element elementor-element-ab10ddb elementor-section-boxed elementor-section-height-default elementor-section-height-default\" data-id=\"ab10ddb\" data-element_type=\"section\" data-e-type=\"section\">\n\t\t\t\t\t\t<div class=\"elementor-container elementor-column-gap-default\">\n\t\t\t\t\t<div class=\"elementor-column elementor-col-100 elementor-top-column elementor-element elementor-element-d09a40f\" data-id=\"d09a40f\" data-element_type=\"column\" data-e-type=\"column\">\n\t\t\t<div class=\"elementor-widget-wrap elementor-element-populated\">\n\t\t\t\t\t\t<div class=\"elementor-element elementor-element-9cd191b elementor-widget elementor-widget-text-editor\" data-id=\"9cd191b\" data-element_type=\"widget\" data-e-type=\"widget\" data-widget_type=\"text-editor.default\">\n\t\t\t\t<div class=\"elementor-widget-container\">\n\t\t\t\t\t\t\t\t\t<p><strong>Ser\u00e1n<\/strong> socios ordinarios aquellas personas f\u00edsicas que se comprometen a colaborar en la actividad de la Asociaci\u00f3n y abonar las cuotas correspondientes a los socios ordinarios.<\/p><p><strong>S<\/strong>er\u00e1n socios colaboradores autom\u00e1ticamente todos los jugadores, \u00e1rbitros, entrenadores y delegados de equipo de WAFU.<\/p><p><strong>S<\/strong>er\u00e1n socios Protectores, aquellas personas f\u00edsicas o jur\u00eddicas a quienes la Asamblea General otorgue, a propuesta de la Junta Directiva, esta calidad en atenci\u00f3n a los relevantes m\u00e9ritos o servicios prestados a la Asociaci\u00f3n. Sin que cuenten con derecho a voto en las asambleas generales, a las que podr\u00e1n asistir con derecho a voz.<\/p><p><strong>S<\/strong>er\u00e1n socios de Honor, todas las personas f\u00edsicas o jur\u00eddicas a quienes la Asamblea General otorgue, a propuesta de la Junta Directiva, esta calidad en atenci\u00f3n a que hayan sido socios ordinarios o colaboradores. Sin que cuenten con derecho a voto en las asambleas generales, a las que podr\u00e1n asistir.<\/p><p><strong>L<\/strong>a junta directiva podr\u00e1 proponer a la Asamblea General, el nombramiento de un presidente de Honor sin funciones ejecutivas.<\/p><p><strong>A<\/strong> todos los socios les ser\u00e1 entregada una tarjeta de identificaci\u00f3n numerada cada temporada del 1 de agosto al 31 de julio.<\/p><p><strong>L<\/strong>os derechos y deberes de los socios se publicar\u00e1n en los estatutos de la Asociaci\u00f3n. Es importante notificar:<\/p><p><strong>&#8220;Los socios ordinarios, as\u00ed como los miembros de la Junta Directiva, mientras dure su mandato, tendr\u00e1n derecho de voto en las Asambleas, ordinarias y extraordinarias. Los restantes tipos de socios s\u00f3lo tendr\u00e1n derecho de voz.&#8221;<\/strong><\/p>\t\t\t\t\t\t\t\t<\/div>\n\t\t\t\t<\/div>\n\t\t\t\t\t<\/div>\n\t\t<\/div>\n\t\t\t\t\t<\/div>\n\t\t<\/section>\n\t\t\t\t<\/div>\n\t\t","protected":false},"excerpt":{"rendered":"<p>Ser\u00e1n socios ordinarios aquellas personas f\u00edsicas que se comprometen a colaborar en la actividad de la Asociaci\u00f3n y abonar las cuotas correspondientes a los socios ordinarios. Ser\u00e1n socios colaboradores autom\u00e1ticamente todos los jugadores, \u00e1rbitros, entrenadores y delegados de equipo de WAFU. Ser\u00e1n socios Protectores, aquellas personas f\u00edsicas o jur\u00eddicas a quienes la Asamblea General otorgue, [&hellip;]<\/p>\n","protected":false},"author":1,"featured_media":0,"parent":0,"menu_order":0,"comment_status":"closed","ping_status":"closed","template":"elementor_header_footer","meta":{"footnotes":""},"class_list":["post-674","page","type-page","status-publish","hentry"],"_links":{"self":[{"href":"https:\/\/wabol.org\/es\/wp-json\/wp\/v2\/pages\/674","targetHints":{"allow":["GET"]}}],"collection":[{"href":"https:\/\/wabol.org\/es\/wp-json\/wp\/v2\/pages"}],"about":[{"href":"https:\/\/wabol.org\/es\/wp-json\/wp\/v2\/types\/page"}],"author":[{"embeddable":true,"href":"https:\/\/wabol.org\/es\/wp-json\/wp\/v2\/users\/1"}],"replies":[{"embeddable":true,"href":"https:\/\/wabol.org\/es\/wp-json\/wp\/v2\/comments?post=674"}],"version-history":[{"count":7,"href":"https:\/\/wabol.org\/es\/wp-json\/wp\/v2\/pages\/674\/revisions"}],"predecessor-version":[{"id":684,"href":"https:\/\/wabol.org\/es\/wp-json\/wp\/v2\/pages\/674\/revisions\/684"}],"wp:attachment":[{"href":"https:\/\/wabol.org\/es\/wp-json\/wp\/v2\/media?parent=674"}],"curies":[{"name":"wp","href":"https:\/\/api.w.org\/{rel}","templated":true}]}}