{"id":663,"date":"2021-05-27T16:27:11","date_gmt":"2021-05-27T16:27:11","guid":{"rendered":"http:\/\/wabol.org\/?page_id=663"},"modified":"2021-06-03T07:18:32","modified_gmt":"2021-06-03T07:18:32","slug":"el-deporte","status":"publish","type":"page","link":"https:\/\/wabol.org\/es\/el-deporte\/","title":{"rendered":"El deporte"},"content":{"rendered":"\t\t<div data-elementor-type=\"wp-page\" data-elementor-id=\"663\" class=\"elementor elementor-663\" data-elementor-post-type=\"page\">\n\t\t\t\t\t\t<section class=\"elementor-section elementor-top-section elementor-element elementor-element-ee4bf9e elementor-section-boxed elementor-section-height-default elementor-section-height-default\" data-id=\"ee4bf9e\" data-element_type=\"section\" data-e-type=\"section\">\n\t\t\t\t\t\t<div class=\"elementor-container elementor-column-gap-default\">\n\t\t\t\t\t<div class=\"elementor-column elementor-col-100 elementor-top-column elementor-element elementor-element-e37465a\" data-id=\"e37465a\" data-element_type=\"column\" data-e-type=\"column\">\n\t\t\t<div class=\"elementor-widget-wrap elementor-element-populated\">\n\t\t\t\t\t\t<div class=\"elementor-element elementor-element-ba31196 elementor-widget elementor-widget-heading\" data-id=\"ba31196\" data-element_type=\"widget\" data-e-type=\"widget\" data-widget_type=\"heading.default\">\n\t\t\t\t<div class=\"elementor-widget-container\">\n\t\t\t\t\t<h2 class=\"elementor-heading-title elementor-size-default\">El deporte se llama Walkingbol\u00ae o Wabol\u00ae<\/h2>\t\t\t\t<\/div>\n\t\t\t\t<\/div>\n\t\t\t\t\t<\/div>\n\t\t<\/div>\n\t\t\t\t\t<\/div>\n\t\t<\/section>\n\t\t\t\t<section class=\"elementor-section elementor-top-section elementor-element elementor-element-9ee4b9f elementor-section-boxed elementor-section-height-default elementor-section-height-default\" data-id=\"9ee4b9f\" data-element_type=\"section\" data-e-type=\"section\">\n\t\t\t\t\t\t<div class=\"elementor-container elementor-column-gap-default\">\n\t\t\t\t\t<div class=\"elementor-column elementor-col-100 elementor-top-column elementor-element elementor-element-2595393\" data-id=\"2595393\" data-element_type=\"column\" data-e-type=\"column\">\n\t\t\t<div class=\"elementor-widget-wrap elementor-element-populated\">\n\t\t\t\t\t\t<div class=\"elementor-element elementor-element-ef1520a elementor-widget elementor-widget-text-editor\" data-id=\"ef1520a\" data-element_type=\"widget\" data-e-type=\"widget\" data-widget_type=\"text-editor.default\">\n\t\t\t\t<div class=\"elementor-widget-container\">\n\t\t\t\t\t\t\t\t\t<h5><strong>Definici\u00f3n<\/strong><\/h5><p>Es parecido al f\u00fatbol pero con muchas diferencias, incluyendo que los jugadores caminan en lugar de correr y se juega a tres toques. Es un juego dise\u00f1ado para ayudar a las personas a estar en forma y mantener un estilo de vida activo sin importar la edad o forma f\u00edsica.<\/p><p>Es una manera de jugar pero de una manera m\u00e1s lenta, m\u00e1s relajada, m\u00e1s <strong><u>adecuada para la gent un m\u00e1s mayor.\u00a0<\/u><\/strong><\/p><p><strong><u>CORRER EST\u00c1\u00a0<\/u><\/strong><strong><u>PROHIBIDO<\/u><\/strong><\/p><h5><strong>\u00bfQuien puede jugar?<\/strong><\/h5><p>No s\u00f3lo hay beneficios directos para la salud, sino que tambi\u00e9n ofrece beneficios sociales. Los participantes evitar\u00e1n estar aislados e interactuar\u00e1n con otras personas y peque\u00f1os grupos. La diversi\u00f3n tambi\u00e9n est\u00e1 asegurada, otro gran beneficio para la salud. Al ser un deporte organizado por una liga, los jugadores se sienten m\u00e1s comprometidos a participar.<\/p><p>Es una actividad adecuada para cualquier persona, <strong>hombres y mujeres.<\/strong><\/p><h5><strong>Beneficios para todos<\/strong><\/h5><p>La marcha ayuda a reducir la <strong>hipertensi\u00f3n<\/strong>, el\u00a0<strong>riesgo de enfermedades del coraz\u00f3n<\/strong>, az\u00facar en la sangre\u00a0 (<strong>diabetes<\/strong>),\u00a0<b>frecuencia card\u00edaca<\/b>,\u00a0<strong>colesterol malo<\/strong>. Menos grasa y m\u00e1s m\u00fasculo. Mejora la <b>movilidad<\/b>, fortalece la zona lumbar, evitando as\u00ed el tan frecuente\u00a0 <strong>dolor de espalda<\/strong>. Cuanto m\u00e1s se camina, m\u00e1s se reduce el estr\u00e9s, la ansiedad, la depresi\u00f3n y otras enfermedades, as\u00ed como se <strong>reduce el peso<\/strong>. El ejercicio f\u00edsico tiene muchos beneficios. Hay muchos beneficios al caminar. En Walkingbol\u00ae -Wabol\u00ae- todo es m\u00e1s predecible, de manera que el <strong>posible impacto es m\u00ednimo.<\/strong><\/p>\t\t\t\t\t\t\t\t<\/div>\n\t\t\t\t<\/div>\n\t\t\t\t\t<\/div>\n\t\t<\/div>\n\t\t\t\t\t<\/div>\n\t\t<\/section>\n\t\t\t\t<section class=\"elementor-section elementor-top-section elementor-element elementor-element-2d1ec74 elementor-section-boxed elementor-section-height-default elementor-section-height-default\" data-id=\"2d1ec74\" data-element_type=\"section\" data-e-type=\"section\">\n\t\t\t\t\t\t<div class=\"elementor-container elementor-column-gap-default\">\n\t\t\t\t\t<div class=\"elementor-column elementor-col-100 elementor-top-column elementor-element elementor-element-e7b0111\" data-id=\"e7b0111\" data-element_type=\"column\" data-e-type=\"column\">\n\t\t\t<div class=\"elementor-widget-wrap elementor-element-populated\">\n\t\t\t\t\t\t<div class=\"elementor-element elementor-element-98af98a elementor-widget elementor-widget-image\" data-id=\"98af98a\" data-element_type=\"widget\" data-e-type=\"widget\" data-widget_type=\"image.default\">\n\t\t\t\t<div class=\"elementor-widget-container\">\n\t\t\t\t\t\t\t\t\t\t\t\t\t\t\t<img fetchpriority=\"high\" decoding=\"async\" width=\"800\" height=\"534\" src=\"https:\/\/wabol.org\/wp-content\/uploads\/2021\/03\/1-1024x683.jpg\" class=\"attachment-large size-large wp-image-387\" alt=\"\" srcset=\"https:\/\/wabol.org\/wp-content\/uploads\/2021\/03\/1-1024x683.jpg 1024w, https:\/\/wabol.org\/wp-content\/uploads\/2021\/03\/1-300x200.jpg 300w, https:\/\/wabol.org\/wp-content\/uploads\/2021\/03\/1-768x512.jpg 768w, https:\/\/wabol.org\/wp-content\/uploads\/2021\/03\/1.jpg 1300w\" sizes=\"(max-width: 800px) 100vw, 800px\" \/>\t\t\t\t\t\t\t\t\t\t\t\t\t\t\t<\/div>\n\t\t\t\t<\/div>\n\t\t\t\t\t<\/div>\n\t\t<\/div>\n\t\t\t\t\t<\/div>\n\t\t<\/section>\n\t\t\t\t<section class=\"elementor-section elementor-top-section elementor-element elementor-element-dfb4615 elementor-section-boxed elementor-section-height-default elementor-section-height-default\" data-id=\"dfb4615\" data-element_type=\"section\" data-e-type=\"section\">\n\t\t\t\t\t\t<div class=\"elementor-container elementor-column-gap-default\">\n\t\t\t\t\t<div class=\"elementor-column elementor-col-100 elementor-top-column elementor-element elementor-element-5effb1d\" data-id=\"5effb1d\" data-element_type=\"column\" data-e-type=\"column\">\n\t\t\t<div class=\"elementor-widget-wrap elementor-element-populated\">\n\t\t\t\t\t\t<div class=\"elementor-element elementor-element-6e1f3bd elementor-widget elementor-widget-image\" data-id=\"6e1f3bd\" data-element_type=\"widget\" data-e-type=\"widget\" data-widget_type=\"image.default\">\n\t\t\t\t<div class=\"elementor-widget-container\">\n\t\t\t\t\t\t\t\t\t\t\t\t\t\t\t<img decoding=\"async\" width=\"800\" height=\"534\" src=\"https:\/\/wabol.org\/wp-content\/uploads\/2021\/03\/2-1024x683.jpg\" class=\"attachment-large size-large wp-image-388\" alt=\"\" srcset=\"https:\/\/wabol.org\/wp-content\/uploads\/2021\/03\/2-1024x683.jpg 1024w, https:\/\/wabol.org\/wp-content\/uploads\/2021\/03\/2-300x200.jpg 300w, https:\/\/wabol.org\/wp-content\/uploads\/2021\/03\/2-768x512.jpg 768w, https:\/\/wabol.org\/wp-content\/uploads\/2021\/03\/2.jpg 1300w\" sizes=\"(max-width: 800px) 100vw, 800px\" \/>\t\t\t\t\t\t\t\t\t\t\t\t\t\t\t<\/div>\n\t\t\t\t<\/div>\n\t\t\t\t\t<\/div>\n\t\t<\/div>\n\t\t\t\t\t<\/div>\n\t\t<\/section>\n\t\t\t\t<section class=\"elementor-section elementor-top-section elementor-element elementor-element-2539aaf elementor-section-boxed elementor-section-height-default elementor-section-height-default\" data-id=\"2539aaf\" data-element_type=\"section\" data-e-type=\"section\">\n\t\t\t\t\t\t<div class=\"elementor-container elementor-column-gap-default\">\n\t\t\t\t\t<div class=\"elementor-column elementor-col-100 elementor-top-column elementor-element elementor-element-7f79575\" data-id=\"7f79575\" data-element_type=\"column\" data-e-type=\"column\">\n\t\t\t<div class=\"elementor-widget-wrap elementor-element-populated\">\n\t\t\t\t\t\t<div class=\"elementor-element elementor-element-20bc1ef elementor-widget elementor-widget-image\" data-id=\"20bc1ef\" data-element_type=\"widget\" data-e-type=\"widget\" data-widget_type=\"image.default\">\n\t\t\t\t<div class=\"elementor-widget-container\">\n\t\t\t\t\t\t\t\t\t\t\t\t\t\t\t<img decoding=\"async\" width=\"800\" height=\"534\" src=\"https:\/\/wabol.org\/wp-content\/uploads\/2021\/03\/3-1024x683.jpg\" class=\"attachment-large size-large wp-image-389\" alt=\"\" srcset=\"https:\/\/wabol.org\/wp-content\/uploads\/2021\/03\/3-1024x683.jpg 1024w, https:\/\/wabol.org\/wp-content\/uploads\/2021\/03\/3-300x200.jpg 300w, https:\/\/wabol.org\/wp-content\/uploads\/2021\/03\/3-768x512.jpg 768w, https:\/\/wabol.org\/wp-content\/uploads\/2021\/03\/3.jpg 1300w\" sizes=\"(max-width: 800px) 100vw, 800px\" \/>\t\t\t\t\t\t\t\t\t\t\t\t\t\t\t<\/div>\n\t\t\t\t<\/div>\n\t\t\t\t\t<\/div>\n\t\t<\/div>\n\t\t\t\t\t<\/div>\n\t\t<\/section>\n\t\t\t\t<\/div>\n\t\t","protected":false},"excerpt":{"rendered":"<p>El deporte se llama Walkingbol\u00ae o Wabol\u00ae Definici\u00f3n Es parecido al f\u00fatbol pero con muchas diferencias, incluyendo que los jugadores caminan en lugar de correr y se juega a tres toques. Es un juego dise\u00f1ado para ayudar a las personas a estar en forma y mantener un estilo de vida activo sin importar la edad [&hellip;]<\/p>\n","protected":false},"author":1,"featured_media":0,"parent":0,"menu_order":0,"comment_status":"closed","ping_status":"closed","template":"elementor_header_footer","meta":{"footnotes":""},"class_list":["post-663","page","type-page","status-publish","hentry"],"_links":{"self":[{"href":"https:\/\/wabol.org\/es\/wp-json\/wp\/v2\/pages\/663","targetHints":{"allow":["GET"]}}],"collection":[{"href":"https:\/\/wabol.org\/es\/wp-json\/wp\/v2\/pages"}],"about":[{"href":"https:\/\/wabol.org\/es\/wp-json\/wp\/v2\/types\/page"}],"author":[{"embeddable":true,"href":"https:\/\/wabol.org\/es\/wp-json\/wp\/v2\/users\/1"}],"replies":[{"embeddable":true,"href":"https:\/\/wabol.org\/es\/wp-json\/wp\/v2\/comments?post=663"}],"version-history":[{"count":8,"href":"https:\/\/wabol.org\/es\/wp-json\/wp\/v2\/pages\/663\/revisions"}],"predecessor-version":[{"id":958,"href":"https:\/\/wabol.org\/es\/wp-json\/wp\/v2\/pages\/663\/revisions\/958"}],"wp:attachment":[{"href":"https:\/\/wabol.org\/es\/wp-json\/wp\/v2\/media?parent=663"}],"curies":[{"name":"wp","href":"https:\/\/api.w.org\/{rel}","templated":true}]}}