{"id":661,"date":"2021-05-27T16:26:41","date_gmt":"2021-05-27T16:26:41","guid":{"rendered":"http:\/\/wabol.org\/?page_id=661"},"modified":"2021-05-31T17:26:06","modified_gmt":"2021-05-31T17:26:06","slug":"la-asociacion","status":"publish","type":"page","link":"https:\/\/wabol.org\/es\/la-asociacion\/","title":{"rendered":"La asociaci\u00f3n"},"content":{"rendered":"\t\t<div data-elementor-type=\"wp-page\" data-elementor-id=\"661\" class=\"elementor elementor-661\" data-elementor-post-type=\"page\">\n\t\t\t\t\t\t<section class=\"elementor-section elementor-top-section elementor-element elementor-element-f2e13ba elementor-section-boxed elementor-section-height-default elementor-section-height-default\" data-id=\"f2e13ba\" data-element_type=\"section\" data-e-type=\"section\">\n\t\t\t\t\t\t<div class=\"elementor-container elementor-column-gap-wide\">\n\t\t\t\t\t<div class=\"elementor-column elementor-col-25 elementor-top-column elementor-element elementor-element-35f4e5e\" data-id=\"35f4e5e\" data-element_type=\"column\" data-e-type=\"column\">\n\t\t\t<div class=\"elementor-widget-wrap elementor-element-populated\">\n\t\t\t\t\t\t<div class=\"elementor-element elementor-element-cef84e3 elementor-widget elementor-widget-text-editor\" data-id=\"cef84e3\" data-element_type=\"widget\" data-e-type=\"widget\" data-widget_type=\"text-editor.default\">\n\t\t\t\t<div class=\"elementor-widget-container\">\n\t\t\t\t\t\t\t\t\t<h6><strong>\u00d3RGANOS DE GOBIERNO<\/strong><\/h6><p>La asociaci\u00f3n tiene dos \u00f3rganos de gobierno importantes<\/p><p><a href=\"http:\/\/wabol.org\/wp-content\/uploads\/2021\/03\/WEB-WAFUT-ORGANS-GOBERN.pdf\" target=\"_blank\" rel=\"noopener\">Cliquea aqu\u00ed para leer m\u00e1s (PDF)<\/a><\/p>\t\t\t\t\t\t\t\t<\/div>\n\t\t\t\t<\/div>\n\t\t\t\t\t<\/div>\n\t\t<\/div>\n\t\t\t\t<div class=\"elementor-column elementor-col-25 elementor-top-column elementor-element elementor-element-f246046\" data-id=\"f246046\" data-element_type=\"column\" data-e-type=\"column\">\n\t\t\t<div class=\"elementor-widget-wrap elementor-element-populated\">\n\t\t\t\t\t\t<div class=\"elementor-element elementor-element-85bd454 elementor-widget elementor-widget-text-editor\" data-id=\"85bd454\" data-element_type=\"widget\" data-e-type=\"widget\" data-widget_type=\"text-editor.default\">\n\t\t\t\t<div class=\"elementor-widget-container\">\n\t\t\t\t\t\t\t\t\t<h6><strong>C\u00d3DIGO\u00a0 \u00c9TICO<\/strong><\/h6><p>Los principios de conducta recogidos en este C\u00f3digo \u00c9tico&#8230;.<\/p><p><a href=\"http:\/\/wabol.org\/wp-content\/uploads\/2021\/03\/WAFUT-Codig-Etic-Wafut-Catala\u0301.pdf\" target=\"_blank\" rel=\"noopener\">Cliquea aqu\u00ed para leer m\u00e1s (PDF)<\/a><\/p>\t\t\t\t\t\t\t\t<\/div>\n\t\t\t\t<\/div>\n\t\t\t\t\t<\/div>\n\t\t<\/div>\n\t\t\t\t<div class=\"elementor-column elementor-col-25 elementor-top-column elementor-element elementor-element-ee5e645\" data-id=\"ee5e645\" data-element_type=\"column\" data-e-type=\"column\">\n\t\t\t<div class=\"elementor-widget-wrap elementor-element-populated\">\n\t\t\t\t\t\t<div class=\"elementor-element elementor-element-200a9e3 elementor-widget elementor-widget-text-editor\" data-id=\"200a9e3\" data-element_type=\"widget\" data-e-type=\"widget\" data-widget_type=\"text-editor.default\">\n\t\t\t\t<div class=\"elementor-widget-container\">\n\t\t\t\t\t\t\t\t\t<h6><strong>NORMATIVA<\/strong><\/h6><p>Normativa de Catalunya&#8230;<\/p><p><a href=\"http:\/\/justicia.gencat.cat\/ca\/departament\/Normativa\/normativasectorial\/entitats_juridiques\/associacions\/\" target=\"_blank\" rel=\"noopener\">Cliquea aqu\u00ed para leer m\u00e1s (link)<\/a>\u00a0<\/p>\t\t\t\t\t\t\t\t<\/div>\n\t\t\t\t<\/div>\n\t\t\t\t\t<\/div>\n\t\t<\/div>\n\t\t\t\t<div class=\"elementor-column elementor-col-25 elementor-top-column elementor-element elementor-element-b450de2\" data-id=\"b450de2\" data-element_type=\"column\" data-e-type=\"column\">\n\t\t\t<div class=\"elementor-widget-wrap elementor-element-populated\">\n\t\t\t\t\t\t<div class=\"elementor-element elementor-element-c1cb24c elementor-widget elementor-widget-text-editor\" data-id=\"c1cb24c\" data-element_type=\"widget\" data-e-type=\"widget\" data-widget_type=\"text-editor.default\">\n\t\t\t\t<div class=\"elementor-widget-container\">\n\t\t\t\t\t\t\t\t\t<h6><strong>CONVENIOS<\/strong><\/h6>\t\t\t\t\t\t\t\t<\/div>\n\t\t\t\t<\/div>\n\t\t\t\t\t<\/div>\n\t\t<\/div>\n\t\t\t\t\t<\/div>\n\t\t<\/section>\n\t\t\t\t<\/div>\n\t\t","protected":false},"excerpt":{"rendered":"<p>\u00d3RGANOS DE GOBIERNO La asociaci\u00f3n tiene dos \u00f3rganos de gobierno importantes Cliquea aqu\u00ed para leer m\u00e1s (PDF) C\u00d3DIGO\u00a0 \u00c9TICO Los principios de conducta recogidos en este C\u00f3digo \u00c9tico&#8230;. Cliquea aqu\u00ed para leer m\u00e1s (PDF) NORMATIVA Normativa de Catalunya&#8230; Cliquea aqu\u00ed para leer m\u00e1s (link)\u00a0 CONVENIOS<\/p>\n","protected":false},"author":1,"featured_media":0,"parent":0,"menu_order":0,"comment_status":"closed","ping_status":"closed","template":"elementor_header_footer","meta":{"footnotes":""},"class_list":["post-661","page","type-page","status-publish","hentry"],"_links":{"self":[{"href":"https:\/\/wabol.org\/es\/wp-json\/wp\/v2\/pages\/661","targetHints":{"allow":["GET"]}}],"collection":[{"href":"https:\/\/wabol.org\/es\/wp-json\/wp\/v2\/pages"}],"about":[{"href":"https:\/\/wabol.org\/es\/wp-json\/wp\/v2\/types\/page"}],"author":[{"embeddable":true,"href":"https:\/\/wabol.org\/es\/wp-json\/wp\/v2\/users\/1"}],"replies":[{"embeddable":true,"href":"https:\/\/wabol.org\/es\/wp-json\/wp\/v2\/comments?post=661"}],"version-history":[{"count":7,"href":"https:\/\/wabol.org\/es\/wp-json\/wp\/v2\/pages\/661\/revisions"}],"predecessor-version":[{"id":854,"href":"https:\/\/wabol.org\/es\/wp-json\/wp\/v2\/pages\/661\/revisions\/854"}],"wp:attachment":[{"href":"https:\/\/wabol.org\/es\/wp-json\/wp\/v2\/media?parent=661"}],"curies":[{"name":"wp","href":"https:\/\/api.w.org\/{rel}","templated":true}]}}