{"id":659,"date":"2021-05-27T16:25:30","date_gmt":"2021-05-27T16:25:30","guid":{"rendered":"http:\/\/wabol.org\/?page_id=659"},"modified":"2021-06-03T07:15:59","modified_gmt":"2021-06-03T07:15:59","slug":"inicio-2","status":"publish","type":"page","link":"https:\/\/wabol.org\/es\/","title":{"rendered":"Inicio"},"content":{"rendered":"\t\t<div data-elementor-type=\"wp-page\" data-elementor-id=\"659\" class=\"elementor elementor-659\" data-elementor-post-type=\"page\">\n\t\t\t\t\t\t<section class=\"elementor-section elementor-top-section elementor-element elementor-element-5afe3e1 elementor-section-content-top elementor-section-stretched elementor-section-boxed elementor-section-height-default elementor-section-height-default\" data-id=\"5afe3e1\" data-element_type=\"section\" data-e-type=\"section\" data-settings=\"{&quot;stretch_section&quot;:&quot;section-stretched&quot;}\">\n\t\t\t\t\t\t<div class=\"elementor-container elementor-column-gap-no\">\n\t\t\t\t\t<div class=\"elementor-column elementor-col-100 elementor-top-column elementor-element elementor-element-b50ef8f\" data-id=\"b50ef8f\" data-element_type=\"column\" data-e-type=\"column\">\n\t\t\t<div class=\"elementor-widget-wrap elementor-element-populated\">\n\t\t\t\t\t\t<div class=\"elementor-element elementor-element-6a21408 elementor-widget elementor-widget-image\" data-id=\"6a21408\" data-element_type=\"widget\" data-e-type=\"widget\" data-widget_type=\"image.default\">\n\t\t\t\t<div class=\"elementor-widget-container\">\n\t\t\t\t\t\t\t\t\t\t\t\t\t\t\t<img fetchpriority=\"high\" decoding=\"async\" width=\"1410\" height=\"776\" src=\"https:\/\/wabol.org\/wp-content\/uploads\/2020\/09\/Inicios-de-Walking-Futbol.jpg\" class=\"attachment-2048x2048 size-2048x2048 wp-image-38\" alt=\"\" srcset=\"https:\/\/wabol.org\/wp-content\/uploads\/2020\/09\/Inicios-de-Walking-Futbol.jpg 1410w, https:\/\/wabol.org\/wp-content\/uploads\/2020\/09\/Inicios-de-Walking-Futbol-300x165.jpg 300w, https:\/\/wabol.org\/wp-content\/uploads\/2020\/09\/Inicios-de-Walking-Futbol-1024x564.jpg 1024w, https:\/\/wabol.org\/wp-content\/uploads\/2020\/09\/Inicios-de-Walking-Futbol-768x423.jpg 768w, https:\/\/wabol.org\/wp-content\/uploads\/2020\/09\/Inicios-de-Walking-Futbol-1200x660.jpg 1200w\" sizes=\"(max-width: 1410px) 100vw, 1410px\" \/>\t\t\t\t\t\t\t\t\t\t\t\t\t\t\t<\/div>\n\t\t\t\t<\/div>\n\t\t\t\t<div class=\"elementor-element elementor-element-ecdea8b elementor-widget elementor-widget-text-editor\" data-id=\"ecdea8b\" data-element_type=\"widget\" data-e-type=\"widget\" data-widget_type=\"text-editor.default\">\n\t\t\t\t<div class=\"elementor-widget-container\">\n\t\t\t\t\t\t\t\t\t<h5><strong>SEG\u00daN LA ORGANIZACI\u00d3N MUNDIAL DE LA SALUD\u00a0<\/strong><\/h5>\t\t\t\t\t\t\t\t<\/div>\n\t\t\t\t<\/div>\n\t\t\t\t<div class=\"elementor-element elementor-element-cfec564 elementor-widget elementor-widget-text-editor\" data-id=\"cfec564\" data-element_type=\"widget\" data-e-type=\"widget\" data-widget_type=\"text-editor.default\">\n\t\t\t\t<div class=\"elementor-widget-container\">\n\t\t\t\t\t\t\t\t\t<p><span style=\"text-decoration: underline;\"><strong>D<\/strong>ebido<\/span> al aumento de la esperanza de vida y la disminuci\u00f3n de la tasa de fecundidad, la proporci\u00f3n de personas mayores de 60 a\u00f1os est\u00e1 aumentando m\u00e1s r\u00e1pidamente que cualquier otro grupo de edad en casi todos los pa\u00edses. Un \u00e9xito de las pol\u00edticas de salud p\u00fablica y el desarrollo socioecon\u00f3mico, pero tambi\u00e9n constituye un reto para la sociedad que debe adaptarse a ello para mejorar al m\u00e1ximo la salud y la capacidad funcional de las personas mayores, as\u00ed como su participaci\u00f3n social y su seguridad. Y es nuestro deporte <strong>WABOL<\/strong> uno de los perfectos complementos para cumplir el reto de la sociedad frente a la gente mayor.<\/p><p>Nuestra asociaci\u00f3n sin \u00e1nimo de lucro fue creada con el objetivo de representar y proteger los intereses de todas las personas, grupos e identidades que practican Wabol en todas sus versiones, ante todo tipo de organismos p\u00fablicos y privados en Catalu\u00f1a. Ayudar en su crecimiento, asesorarlos y apoyarlos ante cualquier contingencia que <strong>puedan tener.<\/strong><\/p>\t\t\t\t\t\t\t\t<\/div>\n\t\t\t\t<\/div>\n\t\t\t\t<div class=\"elementor-element elementor-element-3d1e388 elementor-widget elementor-widget-image\" data-id=\"3d1e388\" data-element_type=\"widget\" data-e-type=\"widget\" data-widget_type=\"image.default\">\n\t\t\t\t<div class=\"elementor-widget-container\">\n\t\t\t\t\t\t\t\t\t\t\t\t\t\t\t<img decoding=\"async\" width=\"961\" height=\"431\" src=\"https:\/\/wabol.org\/wp-content\/uploads\/2020\/08\/EQUIPO-PARA-WAFUT-CAT.jpg\" class=\"attachment-full size-full wp-image-11\" alt=\"\" srcset=\"https:\/\/wabol.org\/wp-content\/uploads\/2020\/08\/EQUIPO-PARA-WAFUT-CAT.jpg 961w, https:\/\/wabol.org\/wp-content\/uploads\/2020\/08\/EQUIPO-PARA-WAFUT-CAT-300x135.jpg 300w, https:\/\/wabol.org\/wp-content\/uploads\/2020\/08\/EQUIPO-PARA-WAFUT-CAT-768x344.jpg 768w\" sizes=\"(max-width: 961px) 100vw, 961px\" \/>\t\t\t\t\t\t\t\t\t\t\t\t\t\t\t<\/div>\n\t\t\t\t<\/div>\n\t\t\t\t\t<\/div>\n\t\t<\/div>\n\t\t\t\t\t<\/div>\n\t\t<\/section>\n\t\t\t\t<section class=\"elementor-section elementor-top-section elementor-element elementor-element-2af5a59 elementor-section-content-top elementor-section-boxed elementor-section-height-default elementor-section-height-default\" data-id=\"2af5a59\" data-element_type=\"section\" data-e-type=\"section\">\n\t\t\t\t\t\t<div class=\"elementor-container elementor-column-gap-no\">\n\t\t\t\t\t<div class=\"elementor-column elementor-col-100 elementor-top-column elementor-element elementor-element-67d4558\" data-id=\"67d4558\" data-element_type=\"column\" data-e-type=\"column\">\n\t\t\t<div class=\"elementor-widget-wrap elementor-element-populated\">\n\t\t\t\t\t\t<div class=\"elementor-element elementor-element-8c9f2fc elementor-widget elementor-widget-text-editor\" data-id=\"8c9f2fc\" data-element_type=\"widget\" data-e-type=\"widget\" data-widget_type=\"text-editor.default\">\n\t\t\t\t<div class=\"elementor-widget-container\">\n\t\t\t\t\t\t\t\t\t<h5>NI LA EDAD NI EL SEXO SON UN OBST\u00c1CULO PARA LA ACTIVITAT F\u00cdSICA<\/h5>\t\t\t\t\t\t\t\t<\/div>\n\t\t\t\t<\/div>\n\t\t\t\t\t<\/div>\n\t\t<\/div>\n\t\t\t\t\t<\/div>\n\t\t<\/section>\n\t\t\t\t<section class=\"elementor-section elementor-top-section elementor-element elementor-element-bcc9d9e elementor-section-content-top elementor-section-boxed elementor-section-height-default elementor-section-height-default\" data-id=\"bcc9d9e\" data-element_type=\"section\" data-e-type=\"section\">\n\t\t\t\t\t\t<div class=\"elementor-container elementor-column-gap-no\">\n\t\t\t\t\t<div class=\"elementor-column elementor-col-100 elementor-top-column elementor-element elementor-element-9cb6039\" data-id=\"9cb6039\" data-element_type=\"column\" data-e-type=\"column\">\n\t\t\t<div class=\"elementor-widget-wrap elementor-element-populated\">\n\t\t\t\t\t\t<div class=\"elementor-element elementor-element-2873159 elementor-widget elementor-widget-text-editor\" data-id=\"2873159\" data-element_type=\"widget\" data-e-type=\"widget\" data-widget_type=\"text-editor.default\">\n\t\t\t\t<div class=\"elementor-widget-container\">\n\t\t\t\t\t\t\t\t\t<p><strong>En<\/strong> Catalunya se practica el <strong><span style=\"color: #0000ff;\"><a style=\"color: #0000ff;\" href=\"https:\/\/walkingfutbol.com\/es\/\">Wa<\/a>bol<\/span><\/strong>, juego f\u00e1cil de aprender incluso por aquellos\u00a0 que no han jugado a f\u00fatbol, y que por sus caracter\u00edsticas no discrimina ni edat, sexo o capacidad f\u00edsica y por lo tanto v\u00e1lido para cualquier <strong>persona.<\/strong><\/p>\t\t\t\t\t\t\t\t<\/div>\n\t\t\t\t<\/div>\n\t\t\t\t<div class=\"elementor-element elementor-element-a54059c elementor-widget elementor-widget-image\" data-id=\"a54059c\" data-element_type=\"widget\" data-e-type=\"widget\" data-widget_type=\"image.default\">\n\t\t\t\t<div class=\"elementor-widget-container\">\n\t\t\t\t\t\t\t\t\t\t\t\t\t\t\t<img decoding=\"async\" width=\"800\" height=\"468\" src=\"https:\/\/wabol.org\/wp-content\/uploads\/2020\/11\/A-1.jpg\" class=\"attachment-large size-large wp-image-301\" alt=\"\" srcset=\"https:\/\/wabol.org\/wp-content\/uploads\/2020\/11\/A-1.jpg 1000w, https:\/\/wabol.org\/wp-content\/uploads\/2020\/11\/A-1-300x176.jpg 300w, https:\/\/wabol.org\/wp-content\/uploads\/2020\/11\/A-1-768x449.jpg 768w\" sizes=\"(max-width: 800px) 100vw, 800px\" \/>\t\t\t\t\t\t\t\t\t\t\t\t\t\t\t<\/div>\n\t\t\t\t<\/div>\n\t\t\t\t<div class=\"elementor-element elementor-element-12e1687 elementor-widget elementor-widget-image\" data-id=\"12e1687\" data-element_type=\"widget\" data-e-type=\"widget\" data-widget_type=\"image.default\">\n\t\t\t\t<div class=\"elementor-widget-container\">\n\t\t\t\t\t\t\t\t\t\t\t\t\t\t\t<img loading=\"lazy\" decoding=\"async\" width=\"800\" height=\"458\" src=\"https:\/\/wabol.org\/wp-content\/uploads\/2020\/11\/B-1.jpg\" class=\"attachment-large size-large wp-image-302\" alt=\"\" srcset=\"https:\/\/wabol.org\/wp-content\/uploads\/2020\/11\/B-1.jpg 953w, https:\/\/wabol.org\/wp-content\/uploads\/2020\/11\/B-1-300x172.jpg 300w, https:\/\/wabol.org\/wp-content\/uploads\/2020\/11\/B-1-768x439.jpg 768w\" sizes=\"(max-width: 800px) 100vw, 800px\" \/>\t\t\t\t\t\t\t\t\t\t\t\t\t\t\t<\/div>\n\t\t\t\t<\/div>\n\t\t\t\t<div class=\"elementor-element elementor-element-0fe1231 elementor-widget elementor-widget-text-editor\" data-id=\"0fe1231\" data-element_type=\"widget\" data-e-type=\"widget\" data-widget_type=\"text-editor.default\">\n\t\t\t\t<div class=\"elementor-widget-container\">\n\t\t\t\t\t\t\t\t\t<h5><strong>ACTIVITATS<\/strong><\/h5>\t\t\t\t\t\t\t\t<\/div>\n\t\t\t\t<\/div>\n\t\t\t\t<div class=\"elementor-element elementor-element-d36baea elementor-widget elementor-widget-text-editor\" data-id=\"d36baea\" data-element_type=\"widget\" data-e-type=\"widget\" data-widget_type=\"text-editor.default\">\n\t\t\t\t<div class=\"elementor-widget-container\">\n\t\t\t\t\t\t\t\t\t<p><strong>\u2013L<\/strong>a colaboraci\u00f3n con todas aquellas personas o entidades p\u00fablicas o privadas, la actividad pueda conducir a la consecuencia de los fines de la Asociaci\u00f3n.<\/p><p><strong>-P<\/strong>articipaci\u00f3n y organizaci\u00f3n de Jornadas y Congresos.<\/p><p><strong>-O<\/strong>rganizaci\u00f3n de campamentos de verano, convivencias y actividades l\u00fadicas.<\/p><p><strong>-C<\/strong>rear\u00e1 y participar\u00e1 en torneos ben\u00e9ficos.<\/p><p><strong>-I<\/strong>ntegraci\u00f3n en Federaciones nacionales e internacionales.<\/p><p><strong>-S<\/strong>istema de becas para\u00a0 jugadores necesitados que puedan acreditar una situaci\u00f3n financiera personal que no les permita poder pagar las cuotas y otros gastos de sus equipos o ligas con el objetivo de que nadie deje de participar por un tema econ\u00f3mico.<\/p><p><strong>-Se <\/strong>integrar\u00e1 en grupos y asociaciones que tengan alguna relaci\u00f3n con el mundo del deporte y con la <strong>gente mayor.<\/strong><\/p>\t\t\t\t\t\t\t\t<\/div>\n\t\t\t\t<\/div>\n\t\t\t\t<section class=\"elementor-section elementor-inner-section elementor-element elementor-element-09106c5 elementor-section-boxed elementor-section-height-default elementor-section-height-default\" data-id=\"09106c5\" data-element_type=\"section\" data-e-type=\"section\">\n\t\t\t\t\t\t\t<div class=\"elementor-background-overlay\"><\/div>\n\t\t\t\t\t\t\t<div class=\"elementor-container elementor-column-gap-default\">\n\t\t\t\t\t<div class=\"elementor-column elementor-col-100 elementor-inner-column elementor-element elementor-element-eee7f7b\" data-id=\"eee7f7b\" data-element_type=\"column\" data-e-type=\"column\">\n\t\t\t<div class=\"elementor-widget-wrap\">\n\t\t\t\t\t\t\t<\/div>\n\t\t<\/div>\n\t\t\t\t\t<\/div>\n\t\t<\/section>\n\t\t\t\t<div class=\"elementor-element elementor-element-f8f0f68 elementor-widget elementor-widget-image\" data-id=\"f8f0f68\" data-element_type=\"widget\" data-e-type=\"widget\" data-widget_type=\"image.default\">\n\t\t\t\t<div class=\"elementor-widget-container\">\n\t\t\t\t\t\t\t\t\t\t\t\t\t\t\t<img loading=\"lazy\" decoding=\"async\" width=\"800\" height=\"567\" src=\"https:\/\/wabol.org\/wp-content\/uploads\/2021\/04\/3-CO\u0300RRER-CAMINAR-WABOL.jpg\" class=\"attachment-full size-full wp-image-586\" alt=\"\" srcset=\"https:\/\/wabol.org\/wp-content\/uploads\/2021\/04\/3-CO\u0300RRER-CAMINAR-WABOL.jpg 800w, https:\/\/wabol.org\/wp-content\/uploads\/2021\/04\/3-CO\u0300RRER-CAMINAR-WABOL-300x213.jpg 300w, https:\/\/wabol.org\/wp-content\/uploads\/2021\/04\/3-CO\u0300RRER-CAMINAR-WABOL-768x544.jpg 768w\" sizes=\"(max-width: 800px) 100vw, 800px\" \/>\t\t\t\t\t\t\t\t\t\t\t\t\t\t\t<\/div>\n\t\t\t\t<\/div>\n\t\t\t\t\t<\/div>\n\t\t<\/div>\n\t\t\t\t\t<\/div>\n\t\t<\/section>\n\t\t\t\t<\/div>\n\t\t","protected":false},"excerpt":{"rendered":"<p>SEG\u00daN LA ORGANIZACI\u00d3N MUNDIAL DE LA SALUD\u00a0 Debido al aumento de la esperanza de vida y la disminuci\u00f3n de la tasa de fecundidad, la proporci\u00f3n de personas mayores de 60 a\u00f1os est\u00e1 aumentando m\u00e1s r\u00e1pidamente que cualquier otro grupo de edad en casi todos los pa\u00edses. Un \u00e9xito de las pol\u00edticas de salud p\u00fablica y [&hellip;]<\/p>\n","protected":false},"author":1,"featured_media":0,"parent":0,"menu_order":0,"comment_status":"closed","ping_status":"closed","template":"elementor_header_footer","meta":{"footnotes":""},"class_list":["post-659","page","type-page","status-publish","hentry"],"_links":{"self":[{"href":"https:\/\/wabol.org\/es\/wp-json\/wp\/v2\/pages\/659","targetHints":{"allow":["GET"]}}],"collection":[{"href":"https:\/\/wabol.org\/es\/wp-json\/wp\/v2\/pages"}],"about":[{"href":"https:\/\/wabol.org\/es\/wp-json\/wp\/v2\/types\/page"}],"author":[{"embeddable":true,"href":"https:\/\/wabol.org\/es\/wp-json\/wp\/v2\/users\/1"}],"replies":[{"embeddable":true,"href":"https:\/\/wabol.org\/es\/wp-json\/wp\/v2\/comments?post=659"}],"version-history":[{"count":17,"href":"https:\/\/wabol.org\/es\/wp-json\/wp\/v2\/pages\/659\/revisions"}],"predecessor-version":[{"id":954,"href":"https:\/\/wabol.org\/es\/wp-json\/wp\/v2\/pages\/659\/revisions\/954"}],"wp:attachment":[{"href":"https:\/\/wabol.org\/es\/wp-json\/wp\/v2\/media?parent=659"}],"curies":[{"name":"wp","href":"https:\/\/api.w.org\/{rel}","templated":true}]}}